{"id":97,"date":"2022-10-08T13:59:38","date_gmt":"2022-10-08T11:59:38","guid":{"rendered":"https:\/\/tolgaanlarmallets.com\/?page_id=97"},"modified":"2025-08-01T14:26:23","modified_gmt":"2025-08-01T12:26:23","slug":"tolga-anlar-mallets","status":"publish","type":"page","link":"https:\/\/tolgaanlarmallets.com\/en\/","title":{"rendered":""},"content":{"rendered":"<div class=\"wp-block-cover alignfull is-light\" style=\"min-height:303px;aspect-ratio:unset;\"><img data-recalc-dims=\"1\" loading=\"lazy\" decoding=\"async\" width=\"750\" height=\"591\" data-attachment-id=\"102\" data-permalink=\"https:\/\/tolgaanlarmallets.com\/en\/tolga-anlar-mallets\/whatsapp-image-2022-10-08-at-1-50-39-pm\/\" data-orig-file=\"https:\/\/i0.wp.com\/tolgaanlarmallets.com\/wp-content\/uploads\/2022\/10\/whatsapp-image-2022-10-08-at-1.50.39-pm.jpeg?fit=2048%2C1614&amp;ssl=1\" data-orig-size=\"2048,1614\" data-comments-opened=\"1\" data-image-meta=\"{&quot;aperture&quot;:&quot;0&quot;,&quot;credit&quot;:&quot;&quot;,&quot;camera&quot;:&quot;&quot;,&quot;caption&quot;:&quot;&quot;,&quot;created_timestamp&quot;:&quot;0&quot;,&quot;copyright&quot;:&quot;&quot;,&quot;focal_length&quot;:&quot;0&quot;,&quot;iso&quot;:&quot;0&quot;,&quot;shutter_speed&quot;:&quot;0&quot;,&quot;title&quot;:&quot;&quot;,&quot;orientation&quot;:&quot;0&quot;}\" data-image-title=\"whatsapp-image-2022-10-08-at-1.50.39-pm\" data-image-description=\"\" data-image-caption=\"\" data-large-file=\"https:\/\/i0.wp.com\/tolgaanlarmallets.com\/wp-content\/uploads\/2022\/10\/whatsapp-image-2022-10-08-at-1.50.39-pm.jpeg?fit=750%2C591&amp;ssl=1\" class=\"wp-block-cover__image-background wp-image-102\" alt=\"\" src=\"https:\/\/i0.wp.com\/tolgaanlarmallets.com\/wp-content\/uploads\/2022\/10\/whatsapp-image-2022-10-08-at-1.50.39-pm.jpeg?resize=750%2C591&#038;ssl=1\" style=\"object-position:59% 81%\" data-object-fit=\"cover\" data-object-position=\"59% 81%\" \/><span aria-hidden=\"true\" class=\"wp-block-cover__background has-foreground-dark-background-color has-background-dim-40 has-background-dim\"><\/span><div class=\"wp-block-cover__inner-container is-layout-flow wp-block-cover-is-layout-flow\">\n<h1 class=\"wp-block-heading has-background-color has-text-color\">Welcome<\/h1>\n\n\n\n<p class=\"has-background-color has-text-color wp-block-paragraph\"><\/p>\n<\/div><\/div>\n\n\n\n<div class=\"wp-block-columns alignwide is-layout-flex wp-container-core-columns-is-layout-7387b849 wp-block-columns-is-layout-flex\">\n<div class=\"wp-block-column is-layout-flow wp-block-column-is-layout-flow\">\n<h5 class=\"wp-block-heading has-link-color wp-elements-180a0d4193ba37c480d44f006d290950\"><a href=\"https:\/\/tolgaanlarmallets.com\/en\/philosophie\/\">Philosophy<\/a><\/h5>\n\n\n\n<figure class=\"wp-block-image size-large\"><a href=\"https:\/\/tolgaanlarmallets.com\/en\/philosophie\/\"><img data-recalc-dims=\"1\" loading=\"lazy\" decoding=\"async\" width=\"750\" height=\"563\" data-attachment-id=\"111\" data-permalink=\"https:\/\/tolgaanlarmallets.com\/en\/tolga-anlar-mallets\/whatsapp-image-2022-10-08-at-2-32-36-pm\/\" data-orig-file=\"https:\/\/i0.wp.com\/tolgaanlarmallets.com\/wp-content\/uploads\/2022\/10\/whatsapp-image-2022-10-08-at-2.32.36-pm.jpeg?fit=2048%2C1536&amp;ssl=1\" data-orig-size=\"2048,1536\" data-comments-opened=\"1\" data-image-meta=\"{&quot;aperture&quot;:&quot;0&quot;,&quot;credit&quot;:&quot;&quot;,&quot;camera&quot;:&quot;&quot;,&quot;caption&quot;:&quot;&quot;,&quot;created_timestamp&quot;:&quot;0&quot;,&quot;copyright&quot;:&quot;&quot;,&quot;focal_length&quot;:&quot;0&quot;,&quot;iso&quot;:&quot;0&quot;,&quot;shutter_speed&quot;:&quot;0&quot;,&quot;title&quot;:&quot;&quot;,&quot;orientation&quot;:&quot;0&quot;}\" data-image-title=\"\" data-image-description=\"\" data-image-caption=\"\" data-large-file=\"https:\/\/i0.wp.com\/tolgaanlarmallets.com\/wp-content\/uploads\/2022\/10\/whatsapp-image-2022-10-08-at-2.32.36-pm.jpeg?fit=750%2C563&amp;ssl=1\" src=\"https:\/\/i0.wp.com\/tolgaanlarmallets.com\/wp-content\/uploads\/2022\/10\/whatsapp-image-2022-10-08-at-2.32.36-pm.jpeg?resize=750%2C563&#038;ssl=1\" alt=\"\" class=\"wp-image-111\" \/><\/a><\/figure>\n\n\n\n<p class=\"has-foreground-color has-text-color has-small-font-size wp-block-paragraph\">The starting point and the path of my mallet making<\/p>\n<\/div>\n\n\n\n<div class=\"wp-block-column is-layout-flow wp-block-column-is-layout-flow\">\n<h5 class=\"wp-block-heading has-link-color wp-elements-cb1a2167ab0289928d08a51ba591b915\"><a href=\"https:\/\/tolgaanlarmallets.com\/en\/schlagel\/\" target=\"_blank\" rel=\"noreferrer noopener\">Mallets<\/a><\/h5>\n\n\n\n<figure class=\"wp-block-image size-large\"><a href=\"https:\/\/tolgaanlarmallets.com\/en\/schlagel\/\"><img data-recalc-dims=\"1\" loading=\"lazy\" decoding=\"async\" width=\"750\" height=\"563\" data-attachment-id=\"113\" data-permalink=\"https:\/\/tolgaanlarmallets.com\/en\/tolga-anlar-mallets\/whatsapp-image-2022-10-08-at-2-37-13-pm\/\" data-orig-file=\"https:\/\/i0.wp.com\/tolgaanlarmallets.com\/wp-content\/uploads\/2022\/10\/whatsapp-image-2022-10-08-at-2.37.13-pm.jpeg?fit=2048%2C1536&amp;ssl=1\" data-orig-size=\"2048,1536\" data-comments-opened=\"1\" data-image-meta=\"{&quot;aperture&quot;:&quot;0&quot;,&quot;credit&quot;:&quot;&quot;,&quot;camera&quot;:&quot;&quot;,&quot;caption&quot;:&quot;&quot;,&quot;created_timestamp&quot;:&quot;0&quot;,&quot;copyright&quot;:&quot;&quot;,&quot;focal_length&quot;:&quot;0&quot;,&quot;iso&quot;:&quot;0&quot;,&quot;shutter_speed&quot;:&quot;0&quot;,&quot;title&quot;:&quot;&quot;,&quot;orientation&quot;:&quot;0&quot;}\" data-image-title=\"\" data-image-description=\"\" data-image-caption=\"\" data-large-file=\"https:\/\/i0.wp.com\/tolgaanlarmallets.com\/wp-content\/uploads\/2022\/10\/whatsapp-image-2022-10-08-at-2.37.13-pm.jpeg?fit=750%2C563&amp;ssl=1\" src=\"https:\/\/i0.wp.com\/tolgaanlarmallets.com\/wp-content\/uploads\/2022\/10\/whatsapp-image-2022-10-08-at-2.37.13-pm.jpeg?resize=750%2C563&#038;ssl=1\" alt=\"\" class=\"wp-image-113\" \/><\/a><\/figure>\n\n\n\n<p class=\"has-small-font-size wp-block-paragraph\">Models and prices of felt, wood and leather mallets<\/p>\n<\/div>\n\n\n\n<div class=\"wp-block-column is-layout-flow wp-block-column-is-layout-flow\">\n<h5 class=\"wp-block-heading has-link-color wp-elements-75a2bced77e074e49ee3c69903cd8ee7\"><a href=\"https:\/\/tolgaanlarmallets.com\/en\/referenzen\/\">References<\/a><\/h5>\n\n\n\n<figure class=\"wp-block-image size-large is-resized\"><a href=\"https:\/\/tolgaanlarmallets.com\/en\/referenzen\/\"><img data-recalc-dims=\"1\" loading=\"lazy\" decoding=\"async\" width=\"750\" height=\"611\" data-attachment-id=\"788\" data-permalink=\"https:\/\/tolgaanlarmallets.com\/en\/tolga-anlar-mallets\/20231030_1516262711707074982851974\/\" data-orig-file=\"https:\/\/i0.wp.com\/tolgaanlarmallets.com\/wp-content\/uploads\/2024\/09\/20231030_1516262711707074982851974.jpg?fit=2000%2C1629&amp;ssl=1\" data-orig-size=\"2000,1629\" data-comments-opened=\"1\" data-image-meta=\"{&quot;aperture&quot;:&quot;2.2&quot;,&quot;credit&quot;:&quot;&quot;,&quot;camera&quot;:&quot;SM-A715F&quot;,&quot;caption&quot;:&quot;&quot;,&quot;created_timestamp&quot;:&quot;1698678986&quot;,&quot;copyright&quot;:&quot;&quot;,&quot;focal_length&quot;:&quot;1.74&quot;,&quot;iso&quot;:&quot;320&quot;,&quot;shutter_speed&quot;:&quot;0.02&quot;,&quot;title&quot;:&quot;&quot;,&quot;orientation&quot;:&quot;1&quot;}\" data-image-title=\"20231030_1516262711707074982851974\" data-image-description=\"\" data-image-caption=\"\" data-large-file=\"https:\/\/i0.wp.com\/tolgaanlarmallets.com\/wp-content\/uploads\/2024\/09\/20231030_1516262711707074982851974.jpg?fit=750%2C611&amp;ssl=1\" src=\"https:\/\/i0.wp.com\/tolgaanlarmallets.com\/wp-content\/uploads\/2024\/09\/20231030_1516262711707074982851974.jpg?resize=750%2C611&#038;ssl=1\" alt=\"\" class=\"wp-image-788\" style=\"aspect-ratio:1.2278679937139865;width:293px;height:auto\" \/><\/a><\/figure>\n\n\n\n<p class=\"has-small-font-size wp-block-paragraph\">Tolga Anlar  Mallets are used today in concert halls and opera houses <\/p>\n<\/div>\n<\/div>\n\n\n\n<div class=\"wp-block-columns alignwide is-layout-flex wp-container-core-columns-is-layout-7387b849 wp-block-columns-is-layout-flex\">\n<div class=\"wp-block-column is-layout-flow wp-block-column-is-layout-flow\">\n<h5 class=\"wp-block-heading has-link-color wp-elements-267ab1273df6001f0a5f1e03cacd8e09\"><a href=\"https:\/\/tolgaanlarmallets.com\/en\/?page_id=23\" target=\"_blank\" rel=\"noreferrer noopener\">Service<\/a><\/h5>\n\n\n\n<figure class=\"wp-block-image size-large\"><a href=\"https:\/\/tolgaanlarmallets.com\/en\/?page_id=23\"><img data-recalc-dims=\"1\" loading=\"lazy\" decoding=\"async\" width=\"750\" height=\"563\" data-attachment-id=\"124\" data-permalink=\"https:\/\/tolgaanlarmallets.com\/en\/tolga-anlar-mallets\/whatsapp-image-2022-10-08-at-2-32-58-pm\/\" data-orig-file=\"https:\/\/i0.wp.com\/tolgaanlarmallets.com\/wp-content\/uploads\/2022\/10\/whatsapp-image-2022-10-08-at-2.32.58-pm.jpeg?fit=2048%2C1536&amp;ssl=1\" data-orig-size=\"2048,1536\" data-comments-opened=\"1\" data-image-meta=\"{&quot;aperture&quot;:&quot;0&quot;,&quot;credit&quot;:&quot;&quot;,&quot;camera&quot;:&quot;&quot;,&quot;caption&quot;:&quot;&quot;,&quot;created_timestamp&quot;:&quot;0&quot;,&quot;copyright&quot;:&quot;&quot;,&quot;focal_length&quot;:&quot;0&quot;,&quot;iso&quot;:&quot;0&quot;,&quot;shutter_speed&quot;:&quot;0&quot;,&quot;title&quot;:&quot;&quot;,&quot;orientation&quot;:&quot;0&quot;}\" data-image-title=\"whatsapp-image-2022-10-08-at-2.32.58-pm\" data-image-description=\"\" data-image-caption=\"\" data-large-file=\"https:\/\/i0.wp.com\/tolgaanlarmallets.com\/wp-content\/uploads\/2022\/10\/whatsapp-image-2022-10-08-at-2.32.58-pm.jpeg?fit=750%2C563&amp;ssl=1\" src=\"https:\/\/i0.wp.com\/tolgaanlarmallets.com\/wp-content\/uploads\/2022\/10\/whatsapp-image-2022-10-08-at-2.32.58-pm.jpeg?resize=750%2C563&#038;ssl=1\" alt=\"\" class=\"wp-image-124\" \/><\/a><\/figure>\n\n\n\n<p class=\"has-small-font-size wp-block-paragraph\">Repairs and refelt<\/p>\n<\/div>\n\n\n\n<div class=\"wp-block-column is-layout-flow wp-block-column-is-layout-flow\">\n<h5 class=\"wp-block-heading has-link-color wp-elements-e57f516fad1cff48e8d4f4efd76bd311\"><a href=\"https:\/\/tolgaanlarmallets.com\/en\/galerie\/\">Gallery<\/a><\/h5>\n\n\n\n<figure class=\"wp-block-image size-large\"><a href=\"https:\/\/tolgaanlarmallets.com\/en\/galerie\/\"><img data-recalc-dims=\"1\" loading=\"lazy\" decoding=\"async\" width=\"750\" height=\"563\" data-attachment-id=\"790\" data-permalink=\"https:\/\/tolgaanlarmallets.com\/en\/tolga-anlar-mallets\/img_20240329_220745_7575293553491437865092\/\" data-orig-file=\"https:\/\/i0.wp.com\/tolgaanlarmallets.com\/wp-content\/uploads\/2024\/09\/img_20240329_220745_7575293553491437865092.jpg?fit=2000%2C1500&amp;ssl=1\" data-orig-size=\"2000,1500\" data-comments-opened=\"1\" data-image-meta=\"{&quot;aperture&quot;:&quot;0&quot;,&quot;credit&quot;:&quot;&quot;,&quot;camera&quot;:&quot;&quot;,&quot;caption&quot;:&quot;&quot;,&quot;created_timestamp&quot;:&quot;0&quot;,&quot;copyright&quot;:&quot;&quot;,&quot;focal_length&quot;:&quot;0&quot;,&quot;iso&quot;:&quot;0&quot;,&quot;shutter_speed&quot;:&quot;0&quot;,&quot;title&quot;:&quot;&quot;,&quot;orientation&quot;:&quot;1&quot;}\" data-image-title=\"img_20240329_220745_7575293553491437865092\" data-image-description=\"\" data-image-caption=\"\" data-large-file=\"https:\/\/i0.wp.com\/tolgaanlarmallets.com\/wp-content\/uploads\/2024\/09\/img_20240329_220745_7575293553491437865092.jpg?fit=750%2C563&amp;ssl=1\" src=\"https:\/\/i0.wp.com\/tolgaanlarmallets.com\/wp-content\/uploads\/2024\/09\/img_20240329_220745_7575293553491437865092.jpg?resize=750%2C563&#038;ssl=1\" alt=\"\" class=\"wp-image-790\" \/><\/a><\/figure>\n\n\n\n<p class=\"has-foreground-color has-text-color has-small-font-size wp-block-paragraph\">Various timpani and <br>mallets images<\/p>\n<\/div>\n\n\n\n<div class=\"wp-block-column is-layout-flow wp-block-column-is-layout-flow\">\n<h5 class=\"wp-block-heading has-link-color wp-elements-0c55babc497548842dde55b885264492\"><a href=\"https:\/\/tolgaanlarmallets.com\/en\/kontakt-bestellung\/\">Contact\/Order<\/a><\/h5>\n\n\n\n<figure class=\"wp-block-image size-large\"><a href=\"https:\/\/tolgaanlarmallets.com\/en\/kontakt-bestellung\/\"><img data-recalc-dims=\"1\" loading=\"lazy\" decoding=\"async\" width=\"750\" height=\"563\" data-attachment-id=\"13\" data-permalink=\"https:\/\/tolgaanlarmallets.com\/en\/website-foto\/\" data-orig-file=\"https:\/\/i0.wp.com\/tolgaanlarmallets.com\/wp-content\/uploads\/2022\/10\/website-foto.jpg?fit=2048%2C1536&amp;ssl=1\" data-orig-size=\"2048,1536\" data-comments-opened=\"1\" data-image-meta=\"{&quot;aperture&quot;:&quot;0&quot;,&quot;credit&quot;:&quot;&quot;,&quot;camera&quot;:&quot;&quot;,&quot;caption&quot;:&quot;&quot;,&quot;created_timestamp&quot;:&quot;0&quot;,&quot;copyright&quot;:&quot;&quot;,&quot;focal_length&quot;:&quot;0&quot;,&quot;iso&quot;:&quot;0&quot;,&quot;shutter_speed&quot;:&quot;0&quot;,&quot;title&quot;:&quot;&quot;,&quot;orientation&quot;:&quot;0&quot;}\" data-image-title=\"Website foto\" data-image-description=\"\" data-image-caption=\"\" data-large-file=\"https:\/\/i0.wp.com\/tolgaanlarmallets.com\/wp-content\/uploads\/2022\/10\/website-foto.jpg?fit=750%2C563&amp;ssl=1\" src=\"https:\/\/i0.wp.com\/tolgaanlarmallets.com\/wp-content\/uploads\/2022\/10\/website-foto.jpg?resize=750%2C563&#038;ssl=1\" alt=\"\" class=\"wp-image-13\" \/><\/a><\/figure>\n\n\n\n<p class=\"has-small-font-size wp-block-paragraph\">You can order here<\/p>\n<\/div>\n<\/div>\n\n\n\n<hr class=\"wp-block-separator has-css-opacity\" \/>\n\n\n\n<div class=\"wp-block-group alignfull has-background-light-background-color has-background is-content-justification-center is-nowrap is-layout-flex wp-container-core-group-is-layout-f56f9fcf wp-block-group-is-layout-flex\">\n<div class=\"wp-block-columns alignwide is-layout-flex wp-container-core-columns-is-layout-7387b849 wp-block-columns-is-layout-flex\">\n<div class=\"wp-block-column is-vertically-aligned-center is-layout-flow wp-block-column-is-layout-flow\">\n<h4 class=\"wp-block-heading\">For orders, please <br>contact me<\/h4>\n\n\n\n<p class=\"wp-block-paragraph\">tolgaanlarmallets@gmail.com<\/p>\n\n\n\n<p class=\"has-text-align-left wp-block-paragraph\">Or fill out <a href=\"https:\/\/tolgaanlarmallets.com\/en\/kontakt-bestellung\/\" target=\"_blank\" rel=\"noreferrer noopener\">the contact form<\/a> .<\/p>\n<\/div>\n\n\n\n<div class=\"wp-block-column is-layout-flow wp-block-column-is-layout-flow\">\n<h4 class=\"wp-block-heading\">Social Media<\/h4>\n\n\n\n<ul class=\"wp-block-social-links alignleft has-large-icon-size is-content-justification-left is-layout-flex wp-container-core-social-links-is-layout-b192c3d7 wp-block-social-links-is-layout-flex\"><li class=\"wp-social-link wp-social-link-facebook  wp-block-social-link\"><a href=\"https:\/\/www.facebook.com\/profile.php?id=100076295053072\" class=\"wp-block-social-link-anchor\"><svg width=\"24\" height=\"24\" viewbox=\"0 0 24 24\" version=\"1.1\" xmlns=\"http:\/\/www.w3.org\/2000\/svg\" aria-hidden=\"true\" focusable=\"false\"><path d=\"M12 2C6.5 2 2 6.5 2 12c0 5 3.7 9.1 8.4 9.9v-7H7.9V12h2.5V9.8c0-2.5 1.5-3.9 3.8-3.9 1.1 0 2.2.2 2.2.2v2.5h-1.3c-1.2 0-1.6.8-1.6 1.6V12h2.8l-.4 2.9h-2.3v7C18.3 21.1 22 17 22 12c0-5.5-4.5-10-10-10z\"><\/path><\/svg><span class=\"wp-block-social-link-label screen-reader-text\">Facebook<\/span><\/a><\/li>\n\n<li class=\"wp-social-link wp-social-link-instagram  wp-block-social-link\"><a href=\"https:\/\/www.instagram.com\/tolgaanlarmallets\/?hl=tr\" class=\"wp-block-social-link-anchor\"><svg width=\"24\" height=\"24\" viewbox=\"0 0 24 24\" version=\"1.1\" xmlns=\"http:\/\/www.w3.org\/2000\/svg\" aria-hidden=\"true\" focusable=\"false\"><path d=\"M12,4.622c2.403,0,2.688,0.009,3.637,0.052c0.877,0.04,1.354,0.187,1.671,0.31c0.42,0.163,0.72,0.358,1.035,0.673 c0.315,0.315,0.51,0.615,0.673,1.035c0.123,0.317,0.27,0.794,0.31,1.671c0.043,0.949,0.052,1.234,0.052,3.637 s-0.009,2.688-0.052,3.637c-0.04,0.877-0.187,1.354-0.31,1.671c-0.163,0.42-0.358,0.72-0.673,1.035 c-0.315,0.315-0.615,0.51-1.035,0.673c-0.317,0.123-0.794,0.27-1.671,0.31c-0.949,0.043-1.233,0.052-3.637,0.052 s-2.688-0.009-3.637-0.052c-0.877-0.04-1.354-0.187-1.671-0.31c-0.42-0.163-0.72-0.358-1.035-0.673 c-0.315-0.315-0.51-0.615-0.673-1.035c-0.123-0.317-0.27-0.794-0.31-1.671C4.631,14.688,4.622,14.403,4.622,12 s0.009-2.688,0.052-3.637c0.04-0.877,0.187-1.354,0.31-1.671c0.163-0.42,0.358-0.72,0.673-1.035 c0.315-0.315,0.615-0.51,1.035-0.673c0.317-0.123,0.794-0.27,1.671-0.31C9.312,4.631,9.597,4.622,12,4.622 M12,3 C9.556,3,9.249,3.01,8.289,3.054C7.331,3.098,6.677,3.25,6.105,3.472C5.513,3.702,5.011,4.01,4.511,4.511 c-0.5,0.5-0.808,1.002-1.038,1.594C3.25,6.677,3.098,7.331,3.054,8.289C3.01,9.249,3,9.556,3,12c0,2.444,0.01,2.751,0.054,3.711 c0.044,0.958,0.196,1.612,0.418,2.185c0.23,0.592,0.538,1.094,1.038,1.594c0.5,0.5,1.002,0.808,1.594,1.038 c0.572,0.222,1.227,0.375,2.185,0.418C9.249,20.99,9.556,21,12,21s2.751-0.01,3.711-0.054c0.958-0.044,1.612-0.196,2.185-0.418 c0.592-0.23,1.094-0.538,1.594-1.038c0.5-0.5,0.808-1.002,1.038-1.594c0.222-0.572,0.375-1.227,0.418-2.185 C20.99,14.751,21,14.444,21,12s-0.01-2.751-0.054-3.711c-0.044-0.958-0.196-1.612-0.418-2.185c-0.23-0.592-0.538-1.094-1.038-1.594 c-0.5-0.5-1.002-0.808-1.594-1.038c-0.572-0.222-1.227-0.375-2.185-0.418C14.751,3.01,14.444,3,12,3L12,3z M12,7.378 c-2.552,0-4.622,2.069-4.622,4.622S9.448,16.622,12,16.622s4.622-2.069,4.622-4.622S14.552,7.378,12,7.378z M12,15 c-1.657,0-3-1.343-3-3s1.343-3,3-3s3,1.343,3,3S13.657,15,12,15z M16.804,6.116c-0.596,0-1.08,0.484-1.08,1.08 s0.484,1.08,1.08,1.08c0.596,0,1.08-0.484,1.08-1.08S17.401,6.116,16.804,6.116z\"><\/path><\/svg><span class=\"wp-block-social-link-label screen-reader-text\">Instagram<\/span><\/a><\/li><\/ul>\n<\/div>\n<\/div>\n<\/div>","protected":false},"excerpt":{"rendered":"<p>Philosophie Der Ausgangspunkt und der Weg meines Schl\u00e4gelbauens Schl\u00e4gel Modelle und Preise von Filz, Holz und Leder-Schl\u00e4gel Referenzen Tolga Anlar Mallets wird heute in Konzerts\u00e4len und Opernh\u00e4usern eingesetzt. Service Reparaturen und Umbau Galerie Verschiedene Pauken und Schl\u00e4gel-Bilder Kontakt\/Bestellung Hier k\u00f6nnen Sie Bestellen F\u00fcr Bestellungen kontaktieren Sie mich tolgaanlarmallets@gmail.com Oder f\u00fcllen Sie das Kontaktformular aus Social<a class=\"more-link\" href=\"https:\/\/tolgaanlarmallets.com\/en\/\">Continue reading <\/a><\/p>","protected":false},"author":215596544,"featured_media":102,"parent":0,"menu_order":0,"comment_status":"closed","ping_status":"closed","template":"","meta":{"_crdt_document":"","advanced_seo_description":"","jetpack_seo_html_title":"","jetpack_seo_noindex":false,"footnotes":""},"class_list":["post-97","page","type-page","status-publish","has-post-thumbnail","hentry","entry"],"jetpack_likes_enabled":true,"jetpack_sharing_enabled":true,"jetpack_shortlink":"https:\/\/wp.me\/PdCSzT-1z","jetpack-related-posts":[],"_links":{"self":[{"href":"https:\/\/tolgaanlarmallets.com\/en\/wp-json\/wp\/v2\/pages\/97","targetHints":{"allow":["GET"]}}],"collection":[{"href":"https:\/\/tolgaanlarmallets.com\/en\/wp-json\/wp\/v2\/pages"}],"about":[{"href":"https:\/\/tolgaanlarmallets.com\/en\/wp-json\/wp\/v2\/types\/page"}],"author":[{"embeddable":true,"href":"https:\/\/tolgaanlarmallets.com\/en\/wp-json\/wp\/v2\/users\/215596544"}],"replies":[{"embeddable":true,"href":"https:\/\/tolgaanlarmallets.com\/en\/wp-json\/wp\/v2\/comments?post=97"}],"version-history":[{"count":25,"href":"https:\/\/tolgaanlarmallets.com\/en\/wp-json\/wp\/v2\/pages\/97\/revisions"}],"predecessor-version":[{"id":1340,"href":"https:\/\/tolgaanlarmallets.com\/en\/wp-json\/wp\/v2\/pages\/97\/revisions\/1340"}],"wp:featuredmedia":[{"embeddable":true,"href":"https:\/\/tolgaanlarmallets.com\/en\/wp-json\/wp\/v2\/media\/102"}],"wp:attachment":[{"href":"https:\/\/tolgaanlarmallets.com\/en\/wp-json\/wp\/v2\/media?parent=97"}],"curies":[{"name":"wp","href":"https:\/\/api.w.org\/{rel}","templated":true}]}}